{"id":16,"date":"2013-08-19T16:36:15","date_gmt":"2013-08-19T14:36:15","guid":{"rendered":"http:\/\/www.ihre-verbindung-zum-erfolg.de\/?page_id=16"},"modified":"2025-01-29T14:15:16","modified_gmt":"2025-01-29T12:15:16","slug":"verbindungen-fuer-sie","status":"publish","type":"page","link":"https:\/\/www.ihre-verbindung-zum-erfolg.de\/","title":{"rendered":"Was brauchen Sie? Was kann ich f\u00fcr Sie tun?"},"content":{"rendered":"<h2><img decoding=\"async\" loading=\"lazy\" class=\"alignleft size-thumbnail wp-image-60\" src=\"http:\/\/www.ihre-verbindung-zum-erfolg.de\/wp-content\/uploads\/2013\/08\/WittFrey_9956_0217Xing-150x150.jpg\" alt=\"\" width=\"150\" height=\"150\" srcset=\"https:\/\/www.ihre-verbindung-zum-erfolg.de\/wp-content\/uploads\/2013\/08\/WittFrey_9956_0217Xing-150x150.jpg 150w, https:\/\/www.ihre-verbindung-zum-erfolg.de\/wp-content\/uploads\/2013\/08\/WittFrey_9956_0217Xing-300x300.jpg 300w, https:\/\/www.ihre-verbindung-zum-erfolg.de\/wp-content\/uploads\/2013\/08\/WittFrey_9956_0217Xing-768x768.jpg 768w, https:\/\/www.ihre-verbindung-zum-erfolg.de\/wp-content\/uploads\/2013\/08\/WittFrey_9956_0217Xing-600x600.jpg 600w, https:\/\/www.ihre-verbindung-zum-erfolg.de\/wp-content\/uploads\/2013\/08\/WittFrey_9956_0217Xing.jpg 1024w\" sizes=\"(max-width: 150px) 100vw, 150px\" \/>Ich bringe Sie mit den Menschen zusammen, die Ihnen helfen, Ihre Ziele z\u00fcgig zu erreichen.<\/h2>\n<p><strong>Mehr Erfolg. Mehr Spa\u00df. Mehr Geld.<\/strong><\/p>\n<p>Was ist Ihre Herausforderung im Moment?\u00a0Was kann ich f\u00fcr Sie tun? Ich habe einen Kontakt f\u00fcr die L\u00f6sung.<\/p>\n<p>Zum Beispiel im <a href=\"https:\/\/www.connextions.de\/kontakt-coaching\/\">Kontakt Coaching.<\/a><\/p>\n<p>Oder ganz individuell nach Absprache. Es ist nicht kostenlos, wird Sie aber sicher weiterbringen.<\/p>\n<p>Sie suchen f\u00fcr Ihr Business einen bestimmten Kontakt in einer speziellen Branche, zum Beispiel zur Unterst\u00fctzung Ihrer Vertriebsaktivit\u00e4ten, die etwa mit dem beliebten Statement verbunden sein kann &#8222;Wir m\u00fcssten mal wieder Kunden aktivieren, zu denen der Kontakt im letzten Jahr abgebrochen ist&#8220; &#8230;in diesem Fall gibt es vielf\u00e4ltige M\u00f6glichkeiten, das Ziel zu erreichen, sei es mit Telefonie \/Telefontraining (da bin ich selbst die Expertin mit <a href=\"https:\/\/www.connextions.de\">connextions<\/a>), Social Media, Online Marketing, Drucksachen, Werbeartikeln u.v.a.m. oder auch eine ganz andere Frage, ein ganz anderes Thema.\u00a0 Themen k\u00f6nnen beispielsweise sein<\/p>\n<ul>\n<li>die Teams in Ihrem Unternehmen<\/li>\n<li>Ihre pers\u00f6nliche Entwicklung<\/li>\n<li>die Menschen oder auch<\/li>\n<li>das\/ die Geb\u00e4ude<\/li>\n<li>das Umfeld, in dem Sie t\u00e4tig sind<\/li>\n<li>Finanzen<\/li>\n<li>Personal<\/li>\n<li>Rechtliches<\/li>\n<\/ul>\n<p>letzen Endes einfach genau um die Herausforderung, vor der Sie gerade stehen und die das Wachstum Ihres Unternehmens, Ihren Erfolg, Ihren Spa\u00df im Moment bremsen und\/ oder den Geldflu\u00df hemmen.<\/p>\n<p>Egal was es ist, was Sie auch suchen oder brauchen, ich habe den passenden Kontakt f\u00fcr Sie. Aus jahrelangem Netzwerken und Gesch\u00e4ftsf\u00fchrung habe ich viele empfehlenswerte Unternehmer-Kontakte.<\/p>\n<p><em><strong>Der Ursprung<\/strong><\/em><\/p>\n<p><em>Wenn wir fr\u00fcher in den Ferien auf Amrum zum Strand gingen &#8222;verloren&#8220; wir oft meinen Vater. Dann hie\u00df es &#8222;er ist ins Gespr\u00e4ch gekommen&#8220; und so war es meist auch. \u00dcber die Jahre ist dabei so manche wunderbare Freundschaft entstanden und auch die eine oder andere Gesch\u00e4ftsbeziehung, einfach weil er Menschen mochte und interessiert und offen auf sie zuging. Diese Kontaktleidenschaft habe ich 100% geerbt.<\/em><\/p>\n<p>Profitieren Sie davon!<\/p>\n<p>Rufen Sie mich an &#8211; oder nutzen Sie das Kontaktformular.<\/p>\n<p><strong>Also, was kann ich heute f\u00fcr Sie tun? Rufen Sie mich an. Erz\u00e4hlen Sie, was Sie brauchen. Ich habe\u00a0 den p<\/strong><strong>assenden Kontakt f\u00fcr Ihre Herausforderung.<\/strong><\/p>\n<p>Meine Leidenschaft zu Ihrem Nutzen hei\u00dft,<strong>\u00a0Sie zu unterst\u00fctzen,\u00a0<\/strong>Ihnen den passenden Kontakt vermitteln. Im Kontakt Coaching oder in einer anderen Form.<\/p>\n<p>Wie? Ganz einfach telefonisch, per Skype, zoom, oder Sie kommen zu mir.<\/p>\n<p>Sie rufen an und erz\u00e4hlen was\/wer Ihnen fehlt, mir f\u00e4llt jemand ein, der genau daf\u00fcr richtig ist. Eine gro\u00dfe Anzahl zuverl\u00e4ssiger Unternehmen sind bei mir stets pr\u00e4sent. Andere suche ich f\u00fcr Sie heraus. Meistens f\u00e4llt mir direkt jemand ein &#8211; und falls nicht, kenne ich Unternehmer meines Vertrauens, die ich fragen kann.<\/p>\n<p>Sie werden sich fragen, warum ich das mache.\u00a0In erster Linie, um Sie zu unterst\u00fctzen. Wenn ich helfen kann und meine Kunden ein St\u00fcck gl\u00fccklicher mache, ist das f\u00fcr mich der gr\u00f6\u00dfte Lohn. Wer mich kennt, wei\u00df das. Denn meine Vision, die Basis meines Handelns lautet\u00a0<strong>Verkaufen ist wie Lieben&#8230;\u00a0<\/strong>Dar\u00fcber hinaus kooperiere ich mit Unternehmen. Sie k\u00f6nnen dabei 100% sicher sein:<\/p>\n<p><strong>Ich empfehle Ihnen nur solche Firmen und Unternehmer, von denen ich selbst wirklich \u00fcberzeugt bin. Auch wenn ich mit einer Provision beteiligt bin. Wer mich kennt, wird das best\u00e4tigen. Referenzen nenne ich gern auf Anfrage. Und wenn ich jemanden aus einem Bereich empfehle, den Sie gerade brauchen, den ich jedoch noch nicht so gut kenne, dann erfahren Sie das selbstverst\u00e4ndlich und schauen denkenigen selbst an.\u00a0<\/strong><\/p>\n<p><strong>Denn ein gutes Vertrauensverh\u00e4ltnis ist die Voraussetzung f\u00fcr JEDE Gesch\u00e4ftsbeziehung zwischen Ihnen, meinen Business Kontakten und Connextions. <\/strong><\/p>\n<p><strong>Eine Kooperationspartnerin beschreibt das so:<\/strong><\/p>\n<blockquote><p>Die Leute die Du mir empfiehlst, sind mir sympathisch und auf Deine Empfehlungen kann ich mich verlassen. Du sp\u00fcrst\u00a0 ob es passt. Ich habe durch Dich sehr nette Leute kennengelernt, z.B. f\u00fcr meine Workshops. Du hast anscheinend einfach ein H\u00e4ndchen f\u00fcr die passenden Kontakte.<\/p><\/blockquote>\n<p><strong>Eine andere Kollegin sagt<\/strong><\/p>\n<blockquote><p>Ich kenne Renate Witt-Frey pers\u00f6nlich. Sie hat immer\u00a0 eine gute Idee parat oder einen Kontakt. Wenn wir telefonieren, fallen manchmal bis zu 5 Namen, die mir weiterhelfen k\u00f6nnten. Connextions ist ein Dreh- und Angelpunkt f\u00fcr die richtigen Kontakte.<\/p>\n<p><strong>Kathrin B Ziemann sagt bei GOOGLE:<\/strong><br \/>\nRenate Witt-Frey ist der Inbegriff f\u00fcr Kontakte und zudem auch f\u00fcr sehr nette. Sie hat mich mit vielen Menschen zusammen gebracht. Ich hatte eine Kontakt Coaching Sitzung bei Ihr gebucht, aus der ich einiges mitnehmen konnte und wie ein &#8222;Duracell Hase&#8220; ;0) ist sie nonstop aktiv und hilft weiter, wo sie kann. Auch einfach so. Toll! Herzlichen Dank Renate.<\/p><\/blockquote>\n<p><strong>Connextions &#8211; Ihr ganz pers\u00f6nliches Expertenportal.<\/strong> Sie haben einen Bedarf, eine Herausforderung, ein Problem? Ich habe einen Kontakt f\u00fcr die L\u00f6sung. Egal ob ein Anwalt, Fotograf, Maler, Maschinenbauer, Unternehmensberater oder was auch immer. Rufen Sie an, fragen Sie mich&#8230;<\/p>\n<p>Unternehmer aus vielen verschiedenen Branchen kenne ich pers\u00f6nlich:<\/p>\n<ul>\n<li>Coaches f\u00fcr Pers\u00f6nlichkeitsturbo<\/li>\n<li>Coaches f\u00fcr F\u00fchrungsthemen<\/li>\n<li>Feng-Shui Beratung f\u00fcr Flow und Erfolg und schwarze Zahlen<\/li>\n<li>Fachanw\u00e4lte<\/li>\n<li>Anw\u00e4lte f\u00fcr Verkehrsrecht<\/li>\n<li>Scheidungsanw\u00e4lte<\/li>\n<li>Anw\u00e4lte f\u00fcr Mietrecht<\/li>\n<li>Fotografen f\u00fcr Imagefotos, f\u00fcr Ihr Team, Produktfotografen<\/li>\n<li>Heilpraktiker<\/li>\n<li>Experten f\u00fcr alternative Heilmethoden<\/li>\n<li>Alternativen zur Schulmedizin<\/li>\n<li>sanfte Heilung ohne Chemie<\/li>\n<li>Stimmtrainer<\/li>\n<li>Unternehmensberater<\/li>\n<li>Experten f\u00fcr F\u00f6rdermittel<\/li>\n<li>Hochwertige Adressagenturen<\/li>\n<li>Musiker f\u00fcr Hochzeit, Geburtstag, Firmenfeiern<\/li>\n<li>Webdesigner<\/li>\n<li>Spezialisten f\u00fcr Suchmaschinenoptimierung<\/li>\n<li>Online Marketing<\/li>\n<li>Google Partner<\/li>\n<li>Texter<\/li>\n<li>Grafiker<\/li>\n<li>Druckereien<\/li>\n<li>Produktionsfirmen<\/li>\n<li>Verpackungsdesign<\/li>\n<li>Werbeagenturen<\/li>\n<li>Arbeitsvermittler<\/li>\n<li>Versicherungsexperten<\/li>\n<li>Personal Trainer<br \/>\nu.v.m.<\/li>\n<\/ul>\n<p>Wer mich kennt weiss, dass die Namen nur so purzeln wenn er\/sie berichtet was gerade l\u00e4uft. <strong>Kontakte sind eben mein Lebenselixier.\u00a0<\/strong><\/p>\n<p><strong>Ich stehe f\u00fcr die L\u00f6sung Ihrer Herausforderung, Ihres Problems.\u00a0<a href=\"https:\/\/www.connextions.de\/kontakt-coaching\/\">Kontakt Coaching.<\/a><\/strong><\/p>\n<h3><strong>Rufen Sie mich einfach an<br \/>\n0049 4101 810 222 | mobil 0049 171 620 65 32<br \/>\noder <a href=\"mailto:wittfrey@ihre-verbindung-zum-erfolg.de\">mailen<\/a> Sie mit Angabe Ihrer Kontaktdaten und Telefonnummer.<\/strong><\/h3>\n<p>Vita, Referenzen und mehr finden Sie auf meiner <a href=\"http:\/\/www.connextions.de\">connextions<\/a> website.<\/p>\n<p>Wann telefonieren wir?<\/p>\n","protected":false},"excerpt":{"rendered":"<p>Ich bringe Sie mit den Menschen zusammen, die Ihnen helfen, Ihre Ziele z\u00fcgig zu erreichen. Mehr Erfolg. Mehr Spa\u00df. Mehr Geld. Was ist Ihre Herausforderung im Moment?\u00a0Was kann ich f\u00fcr Sie tun? Ich habe einen Kontakt f\u00fcr die L\u00f6sung. Zum Beispiel im Kontakt Coaching. Oder ganz individuell nach Absprache. Es ist nicht kostenlos, wird Sie &hellip; <a href=\"https:\/\/www.ihre-verbindung-zum-erfolg.de\/\" class=\"more-link\"><span class=\"screen-reader-text\">Was brauchen Sie? Was kann ich f\u00fcr Sie tun?<\/span> weiterlesen <span class=\"meta-nav\">&rarr;<\/span><\/a><\/p>\n","protected":false},"author":1,"featured_media":0,"parent":0,"menu_order":0,"comment_status":"open","ping_status":"open","template":"","meta":[],"_links":{"self":[{"href":"https:\/\/www.ihre-verbindung-zum-erfolg.de\/index.php?rest_route=\/wp\/v2\/pages\/16"}],"collection":[{"href":"https:\/\/www.ihre-verbindung-zum-erfolg.de\/index.php?rest_route=\/wp\/v2\/pages"}],"about":[{"href":"https:\/\/www.ihre-verbindung-zum-erfolg.de\/index.php?rest_route=\/wp\/v2\/types\/page"}],"author":[{"embeddable":true,"href":"https:\/\/www.ihre-verbindung-zum-erfolg.de\/index.php?rest_route=\/wp\/v2\/users\/1"}],"replies":[{"embeddable":true,"href":"https:\/\/www.ihre-verbindung-zum-erfolg.de\/index.php?rest_route=%2Fwp%2Fv2%2Fcomments&post=16"}],"version-history":[{"count":52,"href":"https:\/\/www.ihre-verbindung-zum-erfolg.de\/index.php?rest_route=\/wp\/v2\/pages\/16\/revisions"}],"predecessor-version":[{"id":5980,"href":"https:\/\/www.ihre-verbindung-zum-erfolg.de\/index.php?rest_route=\/wp\/v2\/pages\/16\/revisions\/5980"}],"wp:attachment":[{"href":"https:\/\/www.ihre-verbindung-zum-erfolg.de\/index.php?rest_route=%2Fwp%2Fv2%2Fmedia&parent=16"}],"curies":[{"name":"wp","href":"https:\/\/api.w.org\/{rel}","templated":true}]}}